{"id":504,"date":"2021-09-07T09:22:32","date_gmt":"2021-09-07T07:22:32","guid":{"rendered":"https:\/\/chargy.vous.lu\/legislation\/"},"modified":"2025-09-30T16:12:16","modified_gmt":"2025-09-30T14:12:16","slug":"gesetzgebung","status":"publish","type":"page","link":"https:\/\/chargy.vous.lu\/de\/gesetzgebung\/","title":{"rendered":"Gesetzgebung"},"content":{"rendered":"<p>Die gesetzliche Grundlage f\u00fcr den Aufbau einer nationalen \u00f6ffentlichen Ladeinfrastruktur wurde mit dem Gesetz vom 7. August 2012 geschaffen, das die Verantwortlichkeiten der Netzbetreiber sowie die organisatorischen Rahmenbedingungen regelt. Dieses Gesetz bildet auch die Basis f\u00fcr die gro\u00dfherzogliche Verordnung vom 3. Dezember 2015, welche die technischen Spezifikationen, Funktionen, Anzahl der Ladepunkte sowie den Rollout-Plan dieser Infrastruktur festlegt.<\/p>\n<p>Im Einklang mit der EU-Richtlinie 2019\/944, die in luxemburgisches Recht umgesetzt wurde, d\u00fcrfen Verteilernetzbetreiber keine \u00f6ffentlichen Ladepunkte mehr besitzen oder betreiben \u2013 mit streng begrenzten Ausnahmen. Die ge\u00e4nderte Strommarktgesetzgebung vom 1. August 2007 sieht deshalb vor, dass der Betrieb des Chargy-\/SuperChargy-Netzes einem einzigen Konzession\u00e4r \u00fcbertragen wird.<\/p>\n<p>Diese Konzession wurde vom Staat f\u00fcr sieben Jahre an die tempor\u00e4re Vereinigung charge@lux vergeben, bestehend aus Electris Luxembourg S.A., Cube 4T8 S.\u00e0 r.l. und Socom S.A. Die Benennung erfolgte durch gemeinsame Entscheidung der Verteilernetzbetreiber und wurde durch die ILR-Entscheidung ILR\/E25\/11 vom 13. Mai 2025 best\u00e4tigt.<\/p>\n","protected":false},"excerpt":{"rendered":"<p>Die gesetzliche Grundlage f\u00fcr den Aufbau einer nationalen \u00f6ffentlichen Ladeinfrastruktur wurde mit dem Gesetz vom 7. August 2012 geschaffen, das die Verantwortlichkeiten der Netzbetreiber sowie die organisatorischen Rahmenbedingungen regelt. Dieses Gesetz bildet auch die Basis f\u00fcr die gro\u00dfherzogliche Verordnung vom 3. Dezember 2015, welche die technischen Spezifikationen, Funktionen, Anzahl der Ladepunkte sowie den Rollout-Plan dieser [&hellip;]<\/p>\n","protected":false},"author":1,"featured_media":0,"parent":0,"menu_order":0,"comment_status":"closed","ping_status":"closed","template":"","meta":{"footnotes":""},"class_list":["post-504","page","type-page","status-publish","hentry"],"acf":[],"yoast_head":"<!-- This site is optimized with the Yoast SEO plugin v24.0 - https:\/\/yoast.com\/wordpress\/plugins\/seo\/ -->\n<title>Gesetzgebung &#8226; Chargy<\/title>\n<meta name=\"robots\" content=\"noindex, follow, max-snippet:-1, max-image-preview:large, max-video-preview:-1\" \/>\n<meta property=\"og:locale\" content=\"de_DE\" \/>\n<meta property=\"og:type\" content=\"article\" \/>\n<meta property=\"og:title\" content=\"Gesetzgebung &#8226; Chargy\" \/>\n<meta property=\"og:description\" content=\"Die gesetzliche Grundlage f\u00fcr den Aufbau einer nationalen \u00f6ffentlichen Ladeinfrastruktur wurde mit dem Gesetz vom 7. August 2012 geschaffen, das die Verantwortlichkeiten der Netzbetreiber sowie die organisatorischen Rahmenbedingungen regelt. Dieses Gesetz bildet auch die Basis f\u00fcr die gro\u00dfherzogliche Verordnung vom 3. Dezember 2015, welche die technischen Spezifikationen, Funktionen, Anzahl der Ladepunkte sowie den Rollout-Plan dieser [&hellip;]\" \/>\n<meta property=\"og:url\" content=\"https:\/\/chargy.lu\/de\/gesetzgebung\/\" \/>\n<meta property=\"og:site_name\" content=\"Chargy\" \/>\n<meta property=\"article:publisher\" content=\"https:\/\/www.facebook.com\/chargy.vous.lu\/\" \/>\n<meta property=\"article:modified_time\" content=\"2025-09-30T14:12:16+00:00\" \/>\n<meta name=\"twitter:card\" content=\"summary_large_image\" \/>\n<meta name=\"twitter:label1\" content=\"Est. reading time\" \/>\n\t<meta name=\"twitter:data1\" content=\"1 minute\" \/>\n<script type=\"application\/ld+json\" class=\"yoast-schema-graph\">{\"@context\":\"https:\/\/schema.org\",\"@graph\":[{\"@type\":\"WebPage\",\"@id\":\"https:\/\/chargy.lu\/de\/gesetzgebung\/\",\"url\":\"https:\/\/chargy.lu\/de\/gesetzgebung\/\",\"name\":\"Gesetzgebung &#8226; Chargy\",\"isPartOf\":{\"@id\":\"https:\/\/chargy.lu\/fr\/#website\"},\"datePublished\":\"2021-09-07T07:22:32+00:00\",\"dateModified\":\"2025-09-30T14:12:16+00:00\",\"breadcrumb\":{\"@id\":\"https:\/\/chargy.lu\/de\/gesetzgebung\/#breadcrumb\"},\"inLanguage\":\"de-DE\",\"potentialAction\":[{\"@type\":\"ReadAction\",\"target\":[\"https:\/\/chargy.lu\/de\/gesetzgebung\/\"]}]},{\"@type\":\"BreadcrumbList\",\"@id\":\"https:\/\/chargy.lu\/de\/gesetzgebung\/#breadcrumb\",\"itemListElement\":[{\"@type\":\"ListItem\",\"position\":1,\"name\":\"Home\",\"item\":\"https:\/\/chargy.lu\/de\/\"},{\"@type\":\"ListItem\",\"position\":2,\"name\":\"Gesetzgebung\"}]},{\"@type\":\"WebSite\",\"@id\":\"https:\/\/chargy.lu\/fr\/#website\",\"url\":\"https:\/\/chargy.lu\/fr\/\",\"name\":\"Chargy\",\"description\":\"UN R\u00c9SEAU TOUJOURS PLUS GRAND POUR TOUJOURS PLUS DE CONFORT\",\"publisher\":{\"@id\":\"https:\/\/chargy.lu\/fr\/#organization\"},\"potentialAction\":[{\"@type\":\"SearchAction\",\"target\":{\"@type\":\"EntryPoint\",\"urlTemplate\":\"https:\/\/chargy.lu\/fr\/?s={search_term_string}\"},\"query-input\":{\"@type\":\"PropertyValueSpecification\",\"valueRequired\":true,\"valueName\":\"search_term_string\"}}],\"inLanguage\":\"de-DE\"},{\"@type\":\"Organization\",\"@id\":\"https:\/\/chargy.lu\/fr\/#organization\",\"name\":\"Chargy\",\"url\":\"https:\/\/chargy.lu\/fr\/\",\"logo\":{\"@type\":\"ImageObject\",\"inLanguage\":\"de-DE\",\"@id\":\"https:\/\/chargy.lu\/fr\/#\/schema\/logo\/image\/\",\"url\":\"https:\/\/chargy.vous.lu\/app\/uploads\/2021\/08\/logo_retina-1.png\",\"contentUrl\":\"https:\/\/chargy.vous.lu\/app\/uploads\/2021\/08\/logo_retina-1.png\",\"width\":360,\"height\":94,\"caption\":\"Chargy\"},\"image\":{\"@id\":\"https:\/\/chargy.lu\/fr\/#\/schema\/logo\/image\/\"},\"sameAs\":[\"https:\/\/www.facebook.com\/chargy.vous.lu\/\"]}]}<\/script>\n<!-- \/ Yoast SEO plugin. -->","yoast_head_json":{"title":"Gesetzgebung &#8226; Chargy","robots":{"index":"noindex","follow":"follow","max-snippet":"max-snippet:-1","max-image-preview":"max-image-preview:large","max-video-preview":"max-video-preview:-1"},"og_locale":"de_DE","og_type":"article","og_title":"Gesetzgebung &#8226; Chargy","og_description":"Die gesetzliche Grundlage f\u00fcr den Aufbau einer nationalen \u00f6ffentlichen Ladeinfrastruktur wurde mit dem Gesetz vom 7. August 2012 geschaffen, das die Verantwortlichkeiten der Netzbetreiber sowie die organisatorischen Rahmenbedingungen regelt. Dieses Gesetz bildet auch die Basis f\u00fcr die gro\u00dfherzogliche Verordnung vom 3. Dezember 2015, welche die technischen Spezifikationen, Funktionen, Anzahl der Ladepunkte sowie den Rollout-Plan dieser [&hellip;]","og_url":"https:\/\/chargy.lu\/de\/gesetzgebung\/","og_site_name":"Chargy","article_publisher":"https:\/\/www.facebook.com\/chargy.vous.lu\/","article_modified_time":"2025-09-30T14:12:16+00:00","twitter_card":"summary_large_image","twitter_misc":{"Est. reading time":"1 minute"},"schema":{"@context":"https:\/\/schema.org","@graph":[{"@type":"WebPage","@id":"https:\/\/chargy.lu\/de\/gesetzgebung\/","url":"https:\/\/chargy.lu\/de\/gesetzgebung\/","name":"Gesetzgebung &#8226; Chargy","isPartOf":{"@id":"https:\/\/chargy.lu\/fr\/#website"},"datePublished":"2021-09-07T07:22:32+00:00","dateModified":"2025-09-30T14:12:16+00:00","breadcrumb":{"@id":"https:\/\/chargy.lu\/de\/gesetzgebung\/#breadcrumb"},"inLanguage":"de-DE","potentialAction":[{"@type":"ReadAction","target":["https:\/\/chargy.lu\/de\/gesetzgebung\/"]}]},{"@type":"BreadcrumbList","@id":"https:\/\/chargy.lu\/de\/gesetzgebung\/#breadcrumb","itemListElement":[{"@type":"ListItem","position":1,"name":"Home","item":"https:\/\/chargy.lu\/de\/"},{"@type":"ListItem","position":2,"name":"Gesetzgebung"}]},{"@type":"WebSite","@id":"https:\/\/chargy.lu\/fr\/#website","url":"https:\/\/chargy.lu\/fr\/","name":"Chargy","description":"UN R\u00c9SEAU TOUJOURS PLUS GRAND POUR TOUJOURS PLUS DE CONFORT","publisher":{"@id":"https:\/\/chargy.lu\/fr\/#organization"},"potentialAction":[{"@type":"SearchAction","target":{"@type":"EntryPoint","urlTemplate":"https:\/\/chargy.lu\/fr\/?s={search_term_string}"},"query-input":{"@type":"PropertyValueSpecification","valueRequired":true,"valueName":"search_term_string"}}],"inLanguage":"de-DE"},{"@type":"Organization","@id":"https:\/\/chargy.lu\/fr\/#organization","name":"Chargy","url":"https:\/\/chargy.lu\/fr\/","logo":{"@type":"ImageObject","inLanguage":"de-DE","@id":"https:\/\/chargy.lu\/fr\/#\/schema\/logo\/image\/","url":"https:\/\/chargy.vous.lu\/app\/uploads\/2021\/08\/logo_retina-1.png","contentUrl":"https:\/\/chargy.vous.lu\/app\/uploads\/2021\/08\/logo_retina-1.png","width":360,"height":94,"caption":"Chargy"},"image":{"@id":"https:\/\/chargy.lu\/fr\/#\/schema\/logo\/image\/"},"sameAs":["https:\/\/www.facebook.com\/chargy.vous.lu\/"]}]}},"_links":{"self":[{"href":"https:\/\/chargy.vous.lu\/de\/wp-json\/wp\/v2\/pages\/504","targetHints":{"allow":["GET"]}}],"collection":[{"href":"https:\/\/chargy.vous.lu\/de\/wp-json\/wp\/v2\/pages"}],"about":[{"href":"https:\/\/chargy.vous.lu\/de\/wp-json\/wp\/v2\/types\/page"}],"author":[{"embeddable":true,"href":"https:\/\/chargy.vous.lu\/de\/wp-json\/wp\/v2\/users\/1"}],"replies":[{"embeddable":true,"href":"https:\/\/chargy.vous.lu\/de\/wp-json\/wp\/v2\/comments?post=504"}],"version-history":[{"count":4,"href":"https:\/\/chargy.vous.lu\/de\/wp-json\/wp\/v2\/pages\/504\/revisions"}],"predecessor-version":[{"id":1227,"href":"https:\/\/chargy.vous.lu\/de\/wp-json\/wp\/v2\/pages\/504\/revisions\/1227"}],"wp:attachment":[{"href":"https:\/\/chargy.vous.lu\/de\/wp-json\/wp\/v2\/media?parent=504"}],"curies":[{"name":"wp","href":"https:\/\/api.w.org\/{rel}","templated":true}]}}